{"id":2368,"date":"2020-12-21T11:13:41","date_gmt":"2020-12-21T17:13:41","guid":{"rendered":"https:\/\/vorticepolska.pl\/?post_type=product&#038;p=2368"},"modified":"2024-09-26T23:11:35","modified_gmt":"2024-09-26T23:11:35","slug":"vortdispenser-pro","status":"publish","type":"product","link":"https:\/\/vorticepolska.pl\/en\/product\/vortdispenser-pro\/","title":{"rendered":"VortDispenser Pro"},"content":{"rendered":"<p>Crea <strong>espacios realmente seguros evitando la propagaci\u00f3n de agentes infecciosos por contacto<\/strong>, gracias a la <strong>tecnolog\u00eda touchless<\/strong> que permite la dispensaci\u00f3n de desinfectante o j\u00e1bon sin necesidad de tocar el equipo y la <strong>luz UV-Tech<\/strong> que asiste en la esterilizaci\u00f3n.<\/p>\n<p>Por su <strong>apariencia moderna<\/strong> y conveniencia que ofrece su tecnolog\u00eda, facilita e incrementa el cumplimiento de las normas de protocolo donde as\u00ed se requiera.<\/p>\n<p>&nbsp;<\/p>\n<p><img loading=\"lazy\" decoding=\"async\" class=\"size-medium wp-image-2504 alignright\" src=\"https:\/\/vorticepolska.pl\/wp-content\/uploads\/2021\/03\/RESPALDO21-300x300.png\" alt=\"\" width=\"300\" height=\"300\" \/><\/p>\n<p>Tambi\u00e9n puedes adquirir el <em><strong>Dispenser Pro<\/strong> <strong>con pedestal: <a href=\"https:\/\/vorticepolska.pl\/producto\/vortdispenser-pro-pedestal\/\" target=\"_blank\" rel=\"noopener noreferrer\">click aqu\u00ed<\/a><\/strong><\/em><\/p>\n","protected":false},"excerpt":{"rendered":"<p>Crea espacios realmente seguros evitando la propagaci\u00f3n de agentes infecciosos por contacto, gracias a la tecnolog\u00eda touchless que permite la dispensaci\u00f3n de desinfectante o j\u00e1bon sin necesidad de tocar el equipo y la luz UV-Tech que asiste en la esterilizaci\u00f3n. Por su apariencia moderna y conveniencia que ofrece su tecnolog\u00eda, facilita e incrementa el cumplimiento [&hellip;]<\/p>\n","protected":false},"featured_media":2849,"comment_status":"closed","ping_status":"closed","template":"","meta":{"_acf_changed":false},"product_brand":[],"product_cat":[18],"product_tag":[],"class_list":{"0":"post-2368","1":"product","2":"type-product","3":"status-publish","4":"has-post-thumbnail","6":"product_cat-disinfection-line","8":"first","9":"instock","10":"shipping-taxable","11":"purchasable","12":"product-type-simple"},"acf":[],"_links":{"self":[{"href":"https:\/\/vorticepolska.pl\/en\/wp-json\/wp\/v2\/product\/2368","targetHints":{"allow":["GET"]}}],"collection":[{"href":"https:\/\/vorticepolska.pl\/en\/wp-json\/wp\/v2\/product"}],"about":[{"href":"https:\/\/vorticepolska.pl\/en\/wp-json\/wp\/v2\/types\/product"}],"replies":[{"embeddable":true,"href":"https:\/\/vorticepolska.pl\/en\/wp-json\/wp\/v2\/comments?post=2368"}],"wp:featuredmedia":[{"embeddable":true,"href":"https:\/\/vorticepolska.pl\/en\/wp-json\/wp\/v2\/media\/2849"}],"wp:attachment":[{"href":"https:\/\/vorticepolska.pl\/en\/wp-json\/wp\/v2\/media?parent=2368"}],"wp:term":[{"taxonomy":"product_brand","embeddable":true,"href":"https:\/\/vorticepolska.pl\/en\/wp-json\/wp\/v2\/product_brand?post=2368"},{"taxonomy":"product_cat","embeddable":true,"href":"https:\/\/vorticepolska.pl\/en\/wp-json\/wp\/v2\/product_cat?post=2368"},{"taxonomy":"product_tag","embeddable":true,"href":"https:\/\/vorticepolska.pl\/en\/wp-json\/wp\/v2\/product_tag?post=2368"}],"curies":[{"name":"wp","href":"https:\/\/api.w.org\/{rel}","templated":true}]}}